{"id":8953,"date":"2018-02-23T11:08:41","date_gmt":"2018-02-23T10:08:41","guid":{"rendered":"https:\/\/www.cetup.com\/legal-notices\/"},"modified":"2019-10-03T18:00:03","modified_gmt":"2019-10-03T16:00:03","slug":"legal-notices","status":"publish","type":"page","link":"https:\/\/www.cetup.com\/en\/legal-notices\/","title":{"rendered":"Legal Notices"},"content":{"rendered":"<p>[et_pb_section fb_built=&#8221;1&#8243; _builder_version=&#8221;3.29.3&#8243;][et_pb_row _builder_version=&#8221;3.29.3&#8243;][et_pb_column _builder_version=&#8221;3.29.3&#8243; type=&#8221;4_4&#8243;][et_pb_text _builder_version=&#8221;3.29.3&#8243; hover_enabled=&#8221;0&#8243;]<\/p>\n<h4>Company information<\/h4>\n<p>Company name: Cetup<br \/>Head office: Parc d\u2019activit\u00e9s Centr\u2019Alp2, 205 rue Louis Barran, 38430 Saint-Jean-de-Moirans \u2014 France<br \/>Telephone: +33 (0)4 38 02 23 00<a class=\"fl r-iDgwDUlgQgnk\" title=\"Call with Hangouts\" href=\"https:\/\/www.google.fr\/search?q=cetup&amp;oq=cetup&amp;aqs=chrome..69i57j69i60l4j0.3228j0j4&amp;sourceid=chrome&amp;ie=UTF-8#\" data-number=\"+33438022300\" data-pstn-out-call-url=\"\" data-rtid=\"iDgwDUlgQgnk\" data-ved=\"0ahUKEwi_ubm_nbnXAhWJuRoKHeyCBrsQkAgIrAEoADAV\"><br \/><\/a>Director of publication: Laurence Capossele<\/p>\n<h4>Credits<\/h4>\n<p><strong>Design and editing<\/strong>: H\u00e9l\u00e8ne Champetier-Gusella \u2013<span>\u00a0<\/span><a href=\"http:\/\/hcg-communication.fr\/\" target=\"_blank\" rel=\"noopener noreferrer\">hcg-communication.fr<\/a><strong><br \/>Graphic design and development<\/strong>:\u00a0Blandine Reynard \u2013<span>\u00a0<\/span><a href=\"http:\/\/blandinereynard.com\/\" target=\"_blank\" rel=\"noopener noreferrer\">blandinereynard.com<br \/><\/a><strong>Photo credit<\/strong>:\u00a0Denis Morel \u2013<span>\u00a0<\/span><a href=\"http:\/\/www.denis-morel.com\/\">denis-morel.com<\/a><\/p>\n<h4>www.cetup.com site host information<\/h4>\n<p>Company name:\u00a0OVH<br \/>Head office address:<br \/>Telephone:\u00a0+33 (0)1 84 13 00 00<br \/>RCS No.:\u00a0PARIS B 433 115 904<br \/>Registered capital:\u00a0\u20ac214,410.50<\/p>\n<h4 class=\"p2\"><strong>INTELLECTUAL PROPERTY<\/strong><\/h4>\n<p class=\"p2\">The intellectual, artistic or graphic design of this site, along with the text content, images, know-how, graphics, logos and any other constituent parts of the site are the exclusive property of Cetup, or have been the subject of a licence or express authorisation from their owner for representation purposes.<\/p>\n<p class=\"p2\">Any reproduction, in part or in whole, of the content of the website www.Cetup.fr by any method, in any form, without the express prior written permission of their owner, is strictly prohibited. The same applies for the databases featured on the website, which are protected under the terms of the law of 1 July 1998 transposing the European Directive of 11 March 1996 on the legal protection of databases to French Intellectual Property regulations, and which are produced by Cetup.<\/p>\n<p class=\"p2\">Any party in breach of these terms runs the risk of legal proceedings.<\/p>\n<h4 class=\"p2\"><strong>CONFIDENTIALITY OF DATA COLLECTED<\/strong><\/h4>\n<p class=\"p2\">The nominative data collected on the site www.cetup.com is intended to be used by Cetup and may under no circumstances be transferred or used on behalf of third parties for marketing purposes.<\/p>\n<p class=\"p2\">Each individual is entitled to access, amend, rectify and delete data pertaining to him\/her (art. 34 of the French Data Protection act of 6 January 1978). This entitlement may be exercised by post, fax or e-mail as follows:<\/p>\n<p class=\"p2\">By post:Cetup, Parc d\u2019activit\u00e9s Centr\u2019Alp2, 205 rue Louis Barran, 38430 Saint-Jean-de-Moirans \u2014 France<span class=\"s1\"><br \/><\/span>By e-mail:<span>\u00a0<\/span><a href=\"mailto:communication@cetup.com\">contact<\/a><\/p>\n<p>[\/et_pb_text][\/et_pb_column][\/et_pb_row][\/et_pb_section]<\/p>\n","protected":false},"excerpt":{"rendered":"<p>Company information Company name: CetupHead office: Parc d\u2019activit\u00e9s Centr\u2019Alp2, 205 rue Louis Barran, 38430 Saint-Jean-de-Moirans \u2014 FranceTelephone: +33 (0)4 38 02 23 00Director of publication: Laurence Capossele Credits Design and editing: H\u00e9l\u00e8ne Champetier-Gusella \u2013\u00a0hcg-communication.frGraphic design and development:\u00a0Blandine Reynard \u2013\u00a0blandinereynard.comPhoto credit:\u00a0Denis Morel \u2013\u00a0denis-morel.com www.cetup.com site host information Company name:\u00a0OVHHead office address:Telephone:\u00a0+33 (0)1 84 13 00 00RCS [&hellip;]<\/p>\n","protected":false},"author":1,"featured_media":0,"parent":0,"menu_order":0,"comment_status":"closed","ping_status":"closed","template":"","meta":{"_seopress_robots_primary_cat":"","_seopress_titles_title":"","_seopress_titles_desc":"","_seopress_robots_index":"","_et_pb_use_builder":"on","_et_pb_old_content":"<h4 style=\"text-align: left;\">Information sur la soci\u00e9t\u00e9<\/h4>\r\n<p style=\"text-align: left;\">D\u00e9nomination sociale : Cetup\r\nSi\u00e8ge social : 27 rue Ren\u00e9 Cassin 38120 Saint-\u00c9gr\u00e8ve \u2013 France\r\nT\u00e9l\u00e9phone : +33 (0)4 38 02 23 00<a class=\"fl r-iDgwDUlgQgnk\" title=\"Appeler avec Hangouts\" href=\"https:\/\/www.google.fr\/search?q=cetup&oq=cetup&aqs=chrome..69i57j69i60l4j0.3228j0j4&sourceid=chrome&ie=UTF-8#\" data-number=\"+33438022300\" data-pstn-out-call-url=\"\" data-rtid=\"iDgwDUlgQgnk\" data-ved=\"0ahUKEwi_ubm_nbnXAhWJuRoKHeyCBrsQkAgIrAEoADAV\">\r\n<\/a>Directrice de la publication : Laurence Capossele<\/p>\r\n\r\n<h4 style=\"text-align: left;\">Cr\u00e9dits<\/h4>\r\n<p style=\"text-align: left;\"><strong>Conception et r\u00e9daction<\/strong>\u00a0: H\u00e9l\u00e8ne Champetier-Gusella - <a href=\"http:\/\/hcg-communication.fr\/\" target=\"_blank\" rel=\"noopener\">hcg-communication.fr<\/a><strong>\r\nConception graphique et d\u00e9veloppement<\/strong>\u00a0:\u00a0Blandine Reynard - <a href=\"http:\/\/blandinereynard.com\" target=\"_blank\" rel=\"noopener\">blandinereynard.com\r\n<\/a><strong>Cr\u00e9dit photographique<\/strong>\u00a0:\u00a0Denis Morel - <a href=\"http:\/\/www.denis-morel.com\">denis-morel.com<\/a><\/p>\r\n\r\n<h4 style=\"text-align: left;\">Informations relatives \u00e0 l\u2019h\u00e9bergeur du site www.cetup.com<\/h4>\r\n<p style=\"text-align: left;\">D\u00e9nomination sociale :\u00a0OVH\r\nAdresse du si\u00e8ge social :\r\nT\u00e9l\u00e9phone :\u00a0+33 (0)1 84 13 00 00\r\nNum\u00e9ro RCS :\u00a0PARIS B 433 115 904\r\nCapital social :\u00a0214 410,50 \u20ac<\/p>\r\n\r\n<h4 class=\"p2\"><strong>PROPRI\u00c9T\u00c9 INTELLECTUELLE<\/strong><\/h4>\r\n<p class=\"p2\">La conception intellectuelle, artistique ou graphique de ce site ainsi que les textes, images, savoir-faire, graphismes, logos et tous autres \u00e9l\u00e9ments constitutifs du site sont la propri\u00e9t\u00e9 exclusive de la soci\u00e9t\u00e9 Cetup, ou ont fait l\u2019objet d\u2019une licence ou d\u2019une autorisation expresse de leur propri\u00e9taire aux fins de leur repr\u00e9sentation.<\/p>\r\n<p class=\"p2\">Toute reproduction partielle ou totale du contenu du site www.Cetup.fr par quelque proc\u00e9d\u00e9 que ce soit, sous quelque forme que ce soit, sans l\u2019autorisation expresse, \u00e9crite et pr\u00e9alable de leur propri\u00e9taire, est strictement interdite. Il en est de m\u00eame des bases de donn\u00e9es figurant sur le Site Internet, qui sont prot\u00e9g\u00e9es par les dispositions de la loi du 1er juillet 1998 portant transposition dans le Code de la Propri\u00e9t\u00e9 Intellectuelle de la Directive Europ\u00e9enne du 11 mars 1996 relative \u00e0 la protection juridique des bases de donn\u00e9es et dont la soci\u00e9t\u00e9 Cetup est producteur.<\/p>\r\n<p class=\"p2\">Tout contrevenant s\u2019expose \u00e0 des poursuites judiciaires.<\/p>\r\n\r\n<h4 class=\"p2\"><strong>CONFIDENTIALIT\u00c9 DES DONN\u00c9ES COLLECT\u00c9ES<\/strong><\/h4>\r\n<p class=\"p2\">Les donn\u00e9es nominatives collect\u00e9es sur le site www.cetup.com sont destin\u00e9es \u00e0 l\u2019usage de la soci\u00e9t\u00e9 Cetup et ne pourront en aucun cas \u00eatre c\u00e9d\u00e9es ou utilis\u00e9es pour le compte de tiers \u00e0 des fins de prospection commerciale.<\/p>\r\n<p class=\"p2\">Chacun dispose d\u2019un droit d\u2019acc\u00e8s, de modification, de rectification et de suppression des donn\u00e9es qui le concernent (art. 34 de la loi \u00ab Informatique et Libert\u00e9s \u00bb du 6 Janvier 1978). Ce droit peut \u00eatre exerc\u00e9 par courrier, par fax ou par e-mail selon les modalit\u00e9s suivantes :<\/p>\r\n<p class=\"p2\">Par courrier : Cetup, <span class=\"s1\">27 rue Ren\u00e9 Cassin 38120 Saint-\u00c9gr\u00e8ve \u2013 France\r\n<\/span>Par e-mail : <a href=\"mailto:communication@cetup.com\">contact<\/a><\/p>","_et_gb_content_width":"","footnotes":""},"categories":[],"tags":[],"class_list":["post-8953","page","type-page","status-publish","hentry"],"_links":{"self":[{"href":"https:\/\/www.cetup.com\/en\/wp-json\/wp\/v2\/pages\/8953","targetHints":{"allow":["GET"]}}],"collection":[{"href":"https:\/\/www.cetup.com\/en\/wp-json\/wp\/v2\/pages"}],"about":[{"href":"https:\/\/www.cetup.com\/en\/wp-json\/wp\/v2\/types\/page"}],"author":[{"embeddable":true,"href":"https:\/\/www.cetup.com\/en\/wp-json\/wp\/v2\/users\/1"}],"replies":[{"embeddable":true,"href":"https:\/\/www.cetup.com\/en\/wp-json\/wp\/v2\/comments?post=8953"}],"version-history":[{"count":0,"href":"https:\/\/www.cetup.com\/en\/wp-json\/wp\/v2\/pages\/8953\/revisions"}],"wp:attachment":[{"href":"https:\/\/www.cetup.com\/en\/wp-json\/wp\/v2\/media?parent=8953"}],"wp:term":[{"taxonomy":"category","embeddable":true,"href":"https:\/\/www.cetup.com\/en\/wp-json\/wp\/v2\/categories?post=8953"},{"taxonomy":"post_tag","embeddable":true,"href":"https:\/\/www.cetup.com\/en\/wp-json\/wp\/v2\/tags?post=8953"}],"curies":[{"name":"wp","href":"https:\/\/api.w.org\/{rel}","templated":true}]}}