{"id":9046,"date":"2018-02-23T11:09:20","date_gmt":"2018-02-23T10:09:20","guid":{"rendered":"https:\/\/www.cetup.com\/services\/meeting-your-specific-needs\/"},"modified":"2018-02-23T11:09:28","modified_gmt":"2018-02-23T10:09:28","slug":"meeting-your-specific-needs","status":"publish","type":"page","link":"https:\/\/www.cetup.com\/en\/meeting-your-specific-needs\/","title":{"rendered":"Meeting your specific needs"},"content":{"rendered":"<p>[et_pb_section bb_built=&#8221;1&#8243; fullwidth=&#8221;off&#8221; specialty=&#8221;off&#8221; _builder_version=&#8221;3.0.67&#8243; background_image=&#8221;https:\/\/cetup.com\/wp-content\/uploads\/2017\/11\/titles-casestudy.png&#8221; custom_padding=&#8221;27px|0px|0px|&#8221;][et_pb_row][et_pb_column type=&#8221;4_4&#8243;][et_pb_text admin_label=&#8221;R\u00e9pondre \u00e0 votre besoin sp\u00e9cifique&#8221; _builder_version=&#8221;3.0.67&#8243; background_layout=&#8221;light&#8221; text_orientation=&#8221;center&#8221; border_style=&#8221;solid&#8221; module_alignment=&#8221;center&#8221;]<\/p>\n<p><span style=\"color: #af272f\">Mission 100% possible<\/span> <\/p>\n<h1 style=\"font-family: 'Geogrotesque-Bd'!important;font-size: 28px;line-height: 31px;margin-top: 32px\">Meeting your specific needs<\/h1>\n<p>[\/et_pb_text][et_pb_text admin_label=&#8221;Fil d&#8217;ariane&#8221; _builder_version=&#8221;3.0.95&#8243; background_layout=&#8221;light&#8221; text_orientation=&#8221;center&#8221; custom_margin=&#8221;0px|||&#8221; custom_padding=&#8221;0px|||&#8221; module_alignment=&#8221;center&#8221;]<\/p>\n<p><span style=\"font-size: 12px\"><a href=\"https:\/\/cetup.com\/\">Cetup<\/a>&gt;<a href=\"https:\/\/www.cetup.com\/en\/services\/#etude-de-cas\">Services<\/a>&gt; Meeting your specific needs<\/span><\/p>\n<p>[\/et_pb_text][\/et_pb_column][\/et_pb_row][\/et_pb_section][et_pb_section bb_built=&#8221;1&#8243; fullwidth=&#8221;on&#8221; specialty=&#8221;off&#8221; _builder_version=&#8221;3.0.67&#8243; background_image=&#8221;https:\/\/www.cetup.com\/wp-content\/uploads\/2017\/08\/filet.png&#8221; custom_padding=&#8221;12px|||&#8221; global_module=&#8221;7199&#8243;][\/et_pb_section][et_pb_section bb_built=&#8221;1&#8243; fullwidth=&#8221;off&#8221; specialty=&#8221;off&#8221; _builder_version=&#8221;3.0.67&#8243; custom_padding=&#8221;||0px|&#8221;][et_pb_row _builder_version=&#8221;3.0.95&#8243; background_repeat_1=&#8221;no-repeat&#8221; background_color_2=&#8221;#edebe8&#8243; background_position_2=&#8221;top_left&#8221; background_repeat_2=&#8221;no-repeat&#8221; padding_top_2=&#8221;12px&#8221; padding_right_2=&#8221;24px&#8221; padding_bottom_2=&#8221;24px&#8221; padding_left_2=&#8221;24px&#8221; use_custom_gutter=&#8221;on&#8221; gutter_width=&#8221;1&#8243; make_equal=&#8221;on&#8221; bg_img_1=&#8221;https:\/\/cetup.com\/wp-content\/uploads\/2017\/10\/neige-623783476.jpg&#8221;][et_pb_column type=&#8221;1_3&#8243;][et_pb_image _builder_version=&#8221;3.0.95&#8243; show_in_lightbox=&#8221;off&#8221; url_new_window=&#8221;off&#8221; use_overlay=&#8221;off&#8221; sticky=&#8221;on&#8221; align=&#8221;center&#8221; always_center_on_mobile=&#8221;off&#8221; border_style=&#8221;solid&#8221; force_fullwidth=&#8221;on&#8221; animation=&#8221;off&#8221; animation_style=&#8221;none&#8221; animation_duration=&#8221;1000ms&#8221; animation_intensity_slide=&#8221;50%&#8221; show_bottom_space=&#8221;off&#8221; \/][\/et_pb_column][et_pb_column type=&#8221;2_3&#8243;][et_pb_text _builder_version=&#8221;3.0.67&#8243; background_layout=&#8221;light&#8221; text_orientation=&#8221;left&#8221; border_style=&#8221;solid&#8221;]<\/p>\n<h3 style=\"text-align: left\"><strong>Delivering a package to difficult-to-access areas<\/strong><\/h3>\n<p><strong>Mechanical lifts <\/strong>in<strong> ski resorts<\/strong> require meticulous <strong>maintenance<\/strong>. Our pilot collects, in Grenoble, a chair lift component that he delivers to Lyon airport.<br \/>\nOn arrival in Stockholm, the spare part is delivered to its recipient, on time, in the Swedish mountaintops.<\/p>\n<p>[\/et_pb_text][\/et_pb_column][\/et_pb_row][\/et_pb_section][et_pb_section bb_built=&#8221;1&#8243; fullwidth=&#8221;off&#8221; specialty=&#8221;off&#8221; _builder_version=&#8221;3.0.67&#8243; custom_padding=&#8221;36px||48px|&#8221;][et_pb_row _builder_version=&#8221;3.0.67&#8243; background_position_1=&#8221;bottom_right&#8221; background_repeat_1=&#8221;no-repeat&#8221; background_repeat_2=&#8221;no-repeat&#8221; use_custom_gutter=&#8221;on&#8221; gutter_width=&#8221;1&#8243; make_equal=&#8221;on&#8221; background_size_1=&#8221;initial&#8221; background_color_1=&#8221;#edebe8&#8243; padding_top_1=&#8221;12px&#8221; padding_right_1=&#8221;24px&#8221; padding_bottom_1=&#8221;24px&#8221; padding_left_1=&#8221;24px&#8221; bg_img_2=&#8221;https:\/\/cetup.com\/wp-content\/uploads\/2017\/10\/confidentiel-486932896.jpg&#8221;][et_pb_column type=&#8221;2_3&#8243;][et_pb_text _builder_version=&#8221;3.0.67&#8243; background_layout=&#8221;light&#8221; text_orientation=&#8221;left&#8221; border_style=&#8221;solid&#8221;]<\/p>\n<h3 style=\"text-align: left\"><strong>Transporting a highly confidential product, with high industrial stakes<\/strong><\/h3>\n<p>A French <strong>research laboratory<\/strong> assigns us a <strong>highly strategic mission<\/strong>: delivering a highly confidential prototype to the UK in a brief time-frame.<br \/>\nBy providing, in spite of the distance, transport <strong>without transshipment<\/strong>, we guarantee absolute <strong>confidentiality <\/strong>and maximum <strong>security <\/strong>for our customers.<\/p>\n<p>[\/et_pb_text][\/et_pb_column][et_pb_column type=&#8221;1_3&#8243;][et_pb_image _builder_version=&#8221;3.0.67&#8243; show_in_lightbox=&#8221;off&#8221; url_new_window=&#8221;off&#8221; use_overlay=&#8221;off&#8221; sticky=&#8221;off&#8221; align=&#8221;left&#8221; always_center_on_mobile=&#8221;on&#8221; border_style=&#8221;solid&#8221; force_fullwidth=&#8221;off&#8221; animation=&#8221;off&#8221; animation_style=&#8221;none&#8221; animation_duration=&#8221;1000ms&#8221; animation_intensity_slide=&#8221;50%&#8221; show_bottom_space=&#8221;on&#8221; \/][\/et_pb_column][\/et_pb_row][\/et_pb_section][et_pb_section bb_built=&#8221;1&#8243; fullwidth=&#8221;off&#8221; specialty=&#8221;off&#8221; _builder_version=&#8221;3.0.67&#8243; custom_padding=&#8221;0px|||&#8221; global_module=&#8221;7532&#8243;][et_pb_row global_parent=&#8221;7532&#8243; _builder_version=&#8221;3.0.67&#8243; background_position_1=&#8221;top_left&#8221; background_repeat_1=&#8221;no-repeat&#8221; custom_padding=&#8221;0px|||&#8221;][et_pb_column type=&#8221;4_4&#8243;][et_pb_text admin_label=&#8221;D&#8217;autres exemples de missions&#8221; global_parent=&#8221;7532&#8243; _builder_version=&#8221;3.0.67&#8243; background_layout=&#8221;light&#8221; text_orientation=&#8221;center&#8221; border_style=&#8221;solid&#8221; module_alignment=&#8221;center&#8221;]<\/p>\n<h3>Cetup, guaranteeing a specially dedicated transport service<\/h3>\n<h4>View other examples of missions<\/h4>\n<\/p>\n<p>[\/et_pb_text][et_pb_post_nav admin_label=&#8221;Navigation dans les posts : Services &#8211; \u00e9tudes de cas&#8221; global_parent=&#8221;7532&#8243; _builder_version=&#8221;3.0.67&#8243; prev_text=&#8221;%title&#8221; next_text=&#8221;%title&#8221; in_same_term=&#8221;on&#8221; hide_prev=&#8221;off&#8221; hide_next=&#8221;off&#8221; border_style=&#8221;solid&#8221; show_prev=&#8221;on&#8221; show_next=&#8221;on&#8221; \/][\/et_pb_column][\/et_pb_row][\/et_pb_section][et_pb_section bb_built=&#8221;1&#8243; fullwidth=&#8221;on&#8221; specialty=&#8221;off&#8221; _builder_version=&#8221;3.0.67&#8243; background_image=&#8221;https:\/\/www.cetup.com\/wp-content\/uploads\/2017\/08\/filet.png&#8221; custom_padding=&#8221;12px|||&#8221; global_module=&#8221;7199&#8243;][\/et_pb_section][et_pb_section bb_built=&#8221;1&#8243; fullwidth=&#8221;off&#8221; specialty=&#8221;off&#8221; _builder_version=&#8221;3.0.67&#8243; custom_padding=&#8221;0px||0px|&#8221; custom_css_main_element=&#8221;padding-bottom: 64px!important;&#8221; global_module=&#8221;7477&#8243;][et_pb_row global_parent=&#8221;7477&#8243; _builder_version=&#8221;3.0.67&#8243; background_position_1=&#8221;top_left&#8221; background_repeat_1=&#8221;no-repeat&#8221;][et_pb_column type=&#8221;4_4&#8243;][et_pb_text admin_label=&#8221;Restez en lien avec Cetup&#8221; global_parent=&#8221;7477&#8243; _builder_version=&#8221;3.0.67&#8243; background_layout=&#8221;light&#8221; text_orientation=&#8221;center&#8221; border_style=&#8221;solid&#8221; module_alignment=&#8221;center&#8221;]<\/p>\n<h2>Stay connected with Cetup<\/h2>\n<p>[\/et_pb_text][\/et_pb_column][\/et_pb_row][et_pb_row global_parent=&#8221;7477&#8243; _builder_version=&#8221;3.0.67&#8243; background_position_1=&#8221;top_left&#8221; background_repeat_1=&#8221;no-repeat&#8221; background_position_2=&#8221;top_left&#8221; background_repeat_2=&#8221;no-repeat&#8221; make_equal=&#8221;on&#8221; custom_margin=&#8221;0px||0px|&#8221; custom_padding=&#8221;0px||0px|&#8221; padding_top_1=&#8221;0px&#8221; padding_bottom_1=&#8221;0px&#8221; use_custom_gutter=&#8221;on&#8221; gutter_width=&#8221;1&#8243; padding_right_1=&#8221;0px&#8221; padding_left_1=&#8221;0px&#8221; padding_top_2=&#8221;24px&#8221; padding_right_2=&#8221;36px&#8221; padding_bottom_2=&#8221;24px&#8221; padding_left_2=&#8221;36px&#8221; background_color_2=&#8221;#505a46&#8243;][et_pb_column type=&#8221;1_2&#8243;][et_pb_image global_parent=&#8221;7477&#8243; _builder_version=&#8221;3.0.67&#8243; src=&#8221;https:\/\/cetup.com\/wp-content\/uploads\/2018\/01\/contact.jpg&#8221; show_in_lightbox=&#8221;off&#8221; url_new_window=&#8221;off&#8221; use_overlay=&#8221;off&#8221; sticky=&#8221;on&#8221; align=&#8221;center&#8221; always_center_on_mobile=&#8221;on&#8221; border_style=&#8221;solid&#8221; force_fullwidth=&#8221;on&#8221; custom_margin=&#8221;0px|0px|0px|0px&#8221; animation=&#8221;off&#8221; animation_style=&#8221;none&#8221; animation_duration=&#8221;1000ms&#8221; animation_intensity_slide=&#8221;50%&#8221; show_bottom_space=&#8221;off&#8221; \/][\/et_pb_column][et_pb_column type=&#8221;1_2&#8243;][et_pb_contact_form admin_label=&#8221;Email&#8221; global_parent=&#8221;7477&#8243; _builder_version=&#8221;3.0.67&#8243; submit_button_text=&#8221;Subscribe&#8221; email=&#8221;blandine.reynard@gmail.com&#8221; captcha=&#8221;off&#8221; use_redirect=&#8221;off&#8221; input_border_radius=&#8221;0&#8243; border_style=&#8221;solid&#8221; custom_button=&#8221;on&#8221; button_letter_spacing=&#8221;0&#8243; button_icon_placement=&#8221;left&#8221; button_letter_spacing_hover=&#8221;0&#8243; custom_css_main_element=&#8221;margin-top: 24px;&#8221; button_text_size=&#8221;18&#8243; button_text_color=&#8221;#c4bfb6&#8243; button_bg_color=&#8221;rgba(196,191,182,0.33)&#8221; button_border_color=&#8221;#c4bfb6&#8243; button_icon=&#8221;%%86%%&#8221; button_on_hover=&#8221;off&#8221; success_message=&#8221;Your request has been taken into account&#8221; custom_message=&#8221;New newsletter subscription: %%email%%&#8221; title=&#8221;Sign up for our Newsletter&#8221; title_font_size=&#8221;21&#8243; title_text_color=&#8221;#ffffff&#8221; border_radii=&#8221;on|0px|0px|0px|0px&#8221;][et_pb_contact_field field_title=&#8221;E-mail address&#8221; field_type=&#8221;email&#8221; field_id=&#8221;Email&#8221; required_mark=&#8221;on&#8221; fullwidth_field=&#8221;on&#8221; checkbox_checked=&#8221;off&#8221; checkbox_options=&#8221;%91{%22value%22:%22Adresse e-mail%22,%22checked%22:0}%93&#8243; radio_options=&#8221;%91{%22value%22:%22Adresse e-mail%22,%22checked%22:0}%93&#8243; select_options=&#8221;%91{%22value%22:%22Adresse e-mail%22,%22checked%22:0}%93&#8243; min_length=&#8221;0&#8243; max_length=&#8221;0&#8243; allowed_symbols=&#8221;all&#8221; conditional_logic=&#8221;off&#8221; conditional_logic_relation=&#8221;off&#8221; form_field_font_select=&#8221;default&#8221; form_field_font=&#8221;||||&#8221; use_border_color=&#8221;off&#8221; border_style=&#8221;solid&#8221; \/][\/et_pb_contact_form][\/et_pb_column][\/et_pb_row][\/et_pb_section]<\/p>\n","protected":false},"excerpt":{"rendered":"<p><div class=\"et_pb_row et_pb_row_0 et_pb_row_empty\">\n\t\t\t\t\n\t\t\t\t\n\t\t\t\t\n\t\t\t\t\n\t\t\t\t\n\t\t\t<\/div> Mission 100% possible Meeting your specific needs Cetup&gt;Services&gt; Meeting your specific needs Delivering a package to difficult-to-access areas Mechanical lifts in ski resorts require meticulous maintenance. Our pilot collects, in Grenoble, a chair lift component that he delivers to Lyon airport. On arrival in Stockholm, the spare part is delivered to its recipient, on [&hellip;]<\/p>\n","protected":false},"author":1,"featured_media":0,"parent":0,"menu_order":0,"comment_status":"closed","ping_status":"closed","template":"","meta":{"_seopress_robots_primary_cat":"","_seopress_titles_title":"Cetup, our mission - meeting your specific transport needs","_seopress_titles_desc":"Whatever the pick-up location, the destination of your shipments or your specific requests, our operators devise a fully customised specific transport plan, meeting each of your requirements.","_seopress_robots_index":"","_et_pb_use_builder":"on","_et_pb_old_content":"","_et_gb_content_width":"","footnotes":""},"categories":[],"tags":[],"class_list":["post-9046","page","type-page","status-publish","hentry"],"_links":{"self":[{"href":"https:\/\/www.cetup.com\/en\/wp-json\/wp\/v2\/pages\/9046","targetHints":{"allow":["GET"]}}],"collection":[{"href":"https:\/\/www.cetup.com\/en\/wp-json\/wp\/v2\/pages"}],"about":[{"href":"https:\/\/www.cetup.com\/en\/wp-json\/wp\/v2\/types\/page"}],"author":[{"embeddable":true,"href":"https:\/\/www.cetup.com\/en\/wp-json\/wp\/v2\/users\/1"}],"replies":[{"embeddable":true,"href":"https:\/\/www.cetup.com\/en\/wp-json\/wp\/v2\/comments?post=9046"}],"version-history":[{"count":0,"href":"https:\/\/www.cetup.com\/en\/wp-json\/wp\/v2\/pages\/9046\/revisions"}],"wp:attachment":[{"href":"https:\/\/www.cetup.com\/en\/wp-json\/wp\/v2\/media?parent=9046"}],"wp:term":[{"taxonomy":"category","embeddable":true,"href":"https:\/\/www.cetup.com\/en\/wp-json\/wp\/v2\/categories?post=9046"},{"taxonomy":"post_tag","embeddable":true,"href":"https:\/\/www.cetup.com\/en\/wp-json\/wp\/v2\/tags?post=9046"}],"curies":[{"name":"wp","href":"https:\/\/api.w.org\/{rel}","templated":true}]}}